{"id":209,"date":"2025-03-05T09:07:22","date_gmt":"2025-03-05T12:07:22","guid":{"rendered":"https:\/\/staging1.biialume.com\/?page_id=209"},"modified":"2025-03-05T09:57:04","modified_gmt":"2025-03-05T12:57:04","slug":"blog","status":"publish","type":"page","link":"https:\/\/staging1.biialume.com\/index.php\/blog\/","title":{"rendered":"Blog"},"content":{"rendered":"\t\t<div data-elementor-type=\"wp-page\" data-elementor-id=\"209\" class=\"elementor elementor-209\" data-elementor-post-type=\"page\">\n\t\t\t\t<div class=\"elementor-element elementor-element-5711bf24 e-flex e-con-boxed e-con e-parent\" data-id=\"5711bf24\" data-element_type=\"container\" data-settings=\"{&quot;background_background&quot;:&quot;classic&quot;}\">\n\t\t\t\t\t<div class=\"e-con-inner\">\n\t\t\t\t<div class=\"elementor-element elementor-element-21e8646 elementor-widget__width-inherit elementor-widget elementor-widget-heading\" data-id=\"21e8646\" data-element_type=\"widget\" data-widget_type=\"heading.default\">\n\t\t\t\t<div class=\"elementor-widget-container\">\n\t\t\t\t\t<h2 class=\"elementor-heading-title elementor-size-default\">Blog<\/h2>\t\t\t\t<\/div>\n\t\t\t\t<\/div>\n\t\t\t\t\t<\/div>\n\t\t\t\t<\/div>\n\t\t<div class=\"elementor-element elementor-element-664f623 e-flex e-con-boxed e-con e-parent\" data-id=\"664f623\" data-element_type=\"container\" data-settings=\"{&quot;background_background&quot;:&quot;classic&quot;}\">\n\t\t\t\t\t<div class=\"e-con-inner\">\n\t\t\t\t<div class=\"elementor-element elementor-element-46b9486 elementor-grid-3 elementor-grid-tablet-2 elementor-grid-mobile-1 elementor-posts--thumbnail-top load-more-align-center elementor-widget elementor-widget-posts\" data-id=\"46b9486\" data-element_type=\"widget\" data-settings=\"{&quot;pagination_type&quot;:&quot;load_more_on_click&quot;,&quot;classic_columns&quot;:&quot;3&quot;,&quot;classic_columns_tablet&quot;:&quot;2&quot;,&quot;classic_columns_mobile&quot;:&quot;1&quot;,&quot;classic_row_gap&quot;:{&quot;unit&quot;:&quot;px&quot;,&quot;size&quot;:35,&quot;sizes&quot;:[]},&quot;classic_row_gap_tablet&quot;:{&quot;unit&quot;:&quot;px&quot;,&quot;size&quot;:&quot;&quot;,&quot;sizes&quot;:[]},&quot;classic_row_gap_mobile&quot;:{&quot;unit&quot;:&quot;px&quot;,&quot;size&quot;:&quot;&quot;,&quot;sizes&quot;:[]},&quot;load_more_spinner&quot;:{&quot;value&quot;:&quot;fas fa-spinner&quot;,&quot;library&quot;:&quot;fa-solid&quot;}}\" data-widget_type=\"posts.classic\">\n\t\t\t\t<div class=\"elementor-widget-container\">\n\t\t\t\t\t\t\t<div class=\"elementor-posts-container elementor-posts elementor-posts--skin-classic elementor-grid\">\n\t\t\t\t<article class=\"elementor-post elementor-grid-item post-159 post type-post status-publish format-standard has-post-thumbnail hentry category-familiar\">\n\t\t\t\t<a class=\"elementor-post__thumbnail__link\" href=\"https:\/\/staging1.biialume.com\/index.php\/2025\/08\/08\/inventario-e-partilhas-de-bens-oque-voce-deve-saber\/\" tabindex=\"-1\" >\n\t\t\t<div class=\"elementor-post__thumbnail\"><img fetchpriority=\"high\" decoding=\"async\" width=\"400\" height=\"300\" src=\"https:\/\/staging1.biialume.com\/wp-content\/uploads\/2025\/02\/0-3.jpg\" class=\"attachment-full size-full wp-image-156\" alt=\"\" srcset=\"https:\/\/staging1.biialume.com\/wp-content\/uploads\/2025\/02\/0-3.jpg 400w, https:\/\/staging1.biialume.com\/wp-content\/uploads\/2025\/02\/0-3-300x225.jpg 300w\" sizes=\"(max-width: 400px) 100vw, 400px\" \/><\/div>\n\t\t<\/a>\n\t\t\t\t<div class=\"elementor-post__text\">\n\t\t\t\t<h3 class=\"elementor-post__title\">\n\t\t\t<a href=\"https:\/\/staging1.biialume.com\/index.php\/2025\/08\/08\/inventario-e-partilhas-de-bens-oque-voce-deve-saber\/\" >\n\t\t\t\tInvent\u00e1rio e partilhas de bens: Oque voc\u00ea deve saber\t\t\t<\/a>\n\t\t<\/h3>\n\t\t\t\t<div class=\"elementor-post__meta-data\">\n\t\t\t\t\t<span class=\"elementor-post-date\">\n\t\t\t8 de agosto de 2025\t\t<\/span>\n\t\t\t\t<\/div>\n\t\t\t\t<div class=\"elementor-post__excerpt\">\n\t\t\t<p>Lorem ipsum dolor sit amet. Non assumenda consequuntur est suscipit consequatur qui odio doloribus 33 assumenda fugit 33 distinctio necessitatibus! Sed eveniet ipsa et deserunt quidem non deleniti perferendis. Sed<\/p>\n\t\t<\/div>\n\t\t\n\t\t<a class=\"elementor-post__read-more\" href=\"https:\/\/staging1.biialume.com\/index.php\/2025\/08\/08\/inventario-e-partilhas-de-bens-oque-voce-deve-saber\/\" aria-label=\"Leia mais sobre Invent\u00e1rio e partilhas de bens: Oque voc\u00ea deve saber\" tabindex=\"-1\" >\n\t\t\tLeia mais \u00bb\t\t<\/a>\n\n\t\t\t\t<\/div>\n\t\t\t\t<\/article>\n\t\t\t\t<article class=\"elementor-post elementor-grid-item post-249 post type-post status-publish format-standard has-post-thumbnail hentry category-tributaria\">\n\t\t\t\t<a class=\"elementor-post__thumbnail__link\" href=\"https:\/\/staging1.biialume.com\/index.php\/2025\/08\/05\/postagem-de-exemplo-2\/\" tabindex=\"-1\" >\n\t\t\t<div class=\"elementor-post__thumbnail\"><img decoding=\"async\" width=\"400\" height=\"300\" src=\"https:\/\/staging1.biialume.com\/wp-content\/uploads\/2025\/02\/Artboard-1-copy-4.jpg\" class=\"attachment-full size-full wp-image-167\" alt=\"\" srcset=\"https:\/\/staging1.biialume.com\/wp-content\/uploads\/2025\/02\/Artboard-1-copy-4.jpg 400w, https:\/\/staging1.biialume.com\/wp-content\/uploads\/2025\/02\/Artboard-1-copy-4-300x225.jpg 300w\" sizes=\"(max-width: 400px) 100vw, 400px\" \/><\/div>\n\t\t<\/a>\n\t\t\t\t<div class=\"elementor-post__text\">\n\t\t\t\t<h3 class=\"elementor-post__title\">\n\t\t\t<a href=\"https:\/\/staging1.biialume.com\/index.php\/2025\/08\/05\/postagem-de-exemplo-2\/\" >\n\t\t\t\tPostagem de exemplo\t\t\t<\/a>\n\t\t<\/h3>\n\t\t\t\t<div class=\"elementor-post__meta-data\">\n\t\t\t\t\t<span class=\"elementor-post-date\">\n\t\t\t5 de agosto de 2025\t\t<\/span>\n\t\t\t\t<\/div>\n\t\t\t\t<div class=\"elementor-post__excerpt\">\n\t\t\t<p>Lorem ipsum dolor sit amet. Ut culpa voluptatem id reprehenderit obcaecati hic enim dicta et ipsum possimus? Qui voluptatem eius eum neque eaque sed quae iure et doloremque fuga eum<\/p>\n\t\t<\/div>\n\t\t\n\t\t<a class=\"elementor-post__read-more\" href=\"https:\/\/staging1.biialume.com\/index.php\/2025\/08\/05\/postagem-de-exemplo-2\/\" aria-label=\"Leia mais sobre Postagem de exemplo\" tabindex=\"-1\" >\n\t\t\tLeia mais \u00bb\t\t<\/a>\n\n\t\t\t\t<\/div>\n\t\t\t\t<\/article>\n\t\t\t\t<article class=\"elementor-post elementor-grid-item post-246 post type-post status-publish format-standard has-post-thumbnail hentry category-imobiliaria\">\n\t\t\t\t<a class=\"elementor-post__thumbnail__link\" href=\"https:\/\/staging1.biialume.com\/index.php\/2025\/08\/05\/postagem-de-exemplo\/\" tabindex=\"-1\" >\n\t\t\t<div class=\"elementor-post__thumbnail\"><img decoding=\"async\" width=\"400\" height=\"300\" src=\"https:\/\/staging1.biialume.com\/wp-content\/uploads\/2025\/02\/0-2.jpg\" class=\"attachment-full size-full wp-image-155\" alt=\"\" srcset=\"https:\/\/staging1.biialume.com\/wp-content\/uploads\/2025\/02\/0-2.jpg 400w, https:\/\/staging1.biialume.com\/wp-content\/uploads\/2025\/02\/0-2-300x225.jpg 300w\" sizes=\"(max-width: 400px) 100vw, 400px\" \/><\/div>\n\t\t<\/a>\n\t\t\t\t<div class=\"elementor-post__text\">\n\t\t\t\t<h3 class=\"elementor-post__title\">\n\t\t\t<a href=\"https:\/\/staging1.biialume.com\/index.php\/2025\/08\/05\/postagem-de-exemplo\/\" >\n\t\t\t\tPostagem de exemplo\t\t\t<\/a>\n\t\t<\/h3>\n\t\t\t\t<div class=\"elementor-post__meta-data\">\n\t\t\t\t\t<span class=\"elementor-post-date\">\n\t\t\t5 de agosto de 2025\t\t<\/span>\n\t\t\t\t<\/div>\n\t\t\t\t<div class=\"elementor-post__excerpt\">\n\t\t\t<p>Lorem ipsum dolor sit amet. Ut culpa voluptatem id reprehenderit obcaecati hic enim dicta et ipsum possimus? Qui voluptatem eius eum neque eaque sed quae iure et doloremque fuga eum<\/p>\n\t\t<\/div>\n\t\t\n\t\t<a class=\"elementor-post__read-more\" href=\"https:\/\/staging1.biialume.com\/index.php\/2025\/08\/05\/postagem-de-exemplo\/\" aria-label=\"Leia mais sobre Postagem de exemplo\" tabindex=\"-1\" >\n\t\t\tLeia mais \u00bb\t\t<\/a>\n\n\t\t\t\t<\/div>\n\t\t\t\t<\/article>\n\t\t\t\t<article class=\"elementor-post elementor-grid-item post-169 post type-post status-publish format-standard has-post-thumbnail hentry category-geral\">\n\t\t\t\t<a class=\"elementor-post__thumbnail__link\" href=\"https:\/\/staging1.biialume.com\/index.php\/2025\/02\/20\/os-5-erros-mais-comuns-em-contratos-em-como-evita-los\/\" tabindex=\"-1\" >\n\t\t\t<div class=\"elementor-post__thumbnail\"><img loading=\"lazy\" decoding=\"async\" width=\"400\" height=\"300\" src=\"https:\/\/staging1.biialume.com\/wp-content\/uploads\/2025\/02\/0-1.jpg\" class=\"attachment-full size-full wp-image-154\" alt=\"\" srcset=\"https:\/\/staging1.biialume.com\/wp-content\/uploads\/2025\/02\/0-1.jpg 400w, https:\/\/staging1.biialume.com\/wp-content\/uploads\/2025\/02\/0-1-300x225.jpg 300w\" sizes=\"(max-width: 400px) 100vw, 400px\" \/><\/div>\n\t\t<\/a>\n\t\t\t\t<div class=\"elementor-post__text\">\n\t\t\t\t<h3 class=\"elementor-post__title\">\n\t\t\t<a href=\"https:\/\/staging1.biialume.com\/index.php\/2025\/02\/20\/os-5-erros-mais-comuns-em-contratos-em-como-evita-los\/\" >\n\t\t\t\tOs 5 erros mais comuns em contratos em como evit\u00e1-los\t\t\t<\/a>\n\t\t<\/h3>\n\t\t\t\t<div class=\"elementor-post__meta-data\">\n\t\t\t\t\t<span class=\"elementor-post-date\">\n\t\t\t20 de fevereiro de 2025\t\t<\/span>\n\t\t\t\t<\/div>\n\t\t\t\t<div class=\"elementor-post__excerpt\">\n\t\t\t<p>Lorem ipsum dolor sit amet. Ut culpa voluptatem id reprehenderit obcaecati hic enim dicta et ipsum possimus? Qui voluptatem eius eum neque eaque sed quae iure et doloremque fuga eum<\/p>\n\t\t<\/div>\n\t\t\n\t\t<a class=\"elementor-post__read-more\" href=\"https:\/\/staging1.biialume.com\/index.php\/2025\/02\/20\/os-5-erros-mais-comuns-em-contratos-em-como-evita-los\/\" aria-label=\"Leia mais sobre Os 5 erros mais comuns em contratos em como evit\u00e1-los\" tabindex=\"-1\" >\n\t\t\tLeia mais \u00bb\t\t<\/a>\n\n\t\t\t\t<\/div>\n\t\t\t\t<\/article>\n\t\t\t\t<article class=\"elementor-post elementor-grid-item post-166 post type-post status-publish format-standard has-post-thumbnail hentry category-consumidor\">\n\t\t\t\t<a class=\"elementor-post__thumbnail__link\" href=\"https:\/\/staging1.biialume.com\/index.php\/2025\/02\/20\/direitos-do-consumidor-oque-voce-precisa-saber\/\" tabindex=\"-1\" >\n\t\t\t<div class=\"elementor-post__thumbnail\"><img decoding=\"async\" width=\"400\" height=\"300\" src=\"https:\/\/staging1.biialume.com\/wp-content\/uploads\/2025\/02\/Artboard-1-copy-4.jpg\" class=\"attachment-full size-full wp-image-167\" alt=\"\" srcset=\"https:\/\/staging1.biialume.com\/wp-content\/uploads\/2025\/02\/Artboard-1-copy-4.jpg 400w, https:\/\/staging1.biialume.com\/wp-content\/uploads\/2025\/02\/Artboard-1-copy-4-300x225.jpg 300w\" sizes=\"(max-width: 400px) 100vw, 400px\" \/><\/div>\n\t\t<\/a>\n\t\t\t\t<div class=\"elementor-post__text\">\n\t\t\t\t<h3 class=\"elementor-post__title\">\n\t\t\t<a href=\"https:\/\/staging1.biialume.com\/index.php\/2025\/02\/20\/direitos-do-consumidor-oque-voce-precisa-saber\/\" >\n\t\t\t\tDireitos do consumidor: Oque voc\u00ea precisa saber?\t\t\t<\/a>\n\t\t<\/h3>\n\t\t\t\t<div class=\"elementor-post__meta-data\">\n\t\t\t\t\t<span class=\"elementor-post-date\">\n\t\t\t20 de fevereiro de 2025\t\t<\/span>\n\t\t\t\t<\/div>\n\t\t\t\t<div class=\"elementor-post__excerpt\">\n\t\t\t<p>Lorem ipsum dolor sit amet. Ut culpa voluptatem id reprehenderit obcaecati hic enim dicta et ipsum possimus? Qui voluptatem eius eum neque eaque sed quae iure et doloremque fuga eum<\/p>\n\t\t<\/div>\n\t\t\n\t\t<a class=\"elementor-post__read-more\" href=\"https:\/\/staging1.biialume.com\/index.php\/2025\/02\/20\/direitos-do-consumidor-oque-voce-precisa-saber\/\" aria-label=\"Leia mais sobre Direitos do consumidor: Oque voc\u00ea precisa saber?\" tabindex=\"-1\" >\n\t\t\tLeia mais \u00bb\t\t<\/a>\n\n\t\t\t\t<\/div>\n\t\t\t\t<\/article>\n\t\t\t\t<article class=\"elementor-post elementor-grid-item post-163 post type-post status-publish format-standard has-post-thumbnail hentry category-familiar\">\n\t\t\t\t<a class=\"elementor-post__thumbnail__link\" href=\"https:\/\/staging1.biialume.com\/index.php\/2025\/02\/13\/como-funciona-o-divorcio-no-brasil-um-guia-passo-a-passo\/\" tabindex=\"-1\" >\n\t\t\t<div class=\"elementor-post__thumbnail\"><img decoding=\"async\" width=\"400\" height=\"300\" src=\"https:\/\/staging1.biialume.com\/wp-content\/uploads\/2025\/02\/0-2.jpg\" class=\"attachment-full size-full wp-image-155\" alt=\"\" srcset=\"https:\/\/staging1.biialume.com\/wp-content\/uploads\/2025\/02\/0-2.jpg 400w, https:\/\/staging1.biialume.com\/wp-content\/uploads\/2025\/02\/0-2-300x225.jpg 300w\" sizes=\"(max-width: 400px) 100vw, 400px\" \/><\/div>\n\t\t<\/a>\n\t\t\t\t<div class=\"elementor-post__text\">\n\t\t\t\t<h3 class=\"elementor-post__title\">\n\t\t\t<a href=\"https:\/\/staging1.biialume.com\/index.php\/2025\/02\/13\/como-funciona-o-divorcio-no-brasil-um-guia-passo-a-passo\/\" >\n\t\t\t\tComo funciona o div\u00f3rcio no Brasil: Um guia passo a passo\t\t\t<\/a>\n\t\t<\/h3>\n\t\t\t\t<div class=\"elementor-post__meta-data\">\n\t\t\t\t\t<span class=\"elementor-post-date\">\n\t\t\t13 de fevereiro de 2025\t\t<\/span>\n\t\t\t\t<\/div>\n\t\t\t\t<div class=\"elementor-post__excerpt\">\n\t\t\t<p>Lorem ipsum dolor sit amet. Ut culpa voluptatem id reprehenderit obcaecati hic enim dicta et ipsum possimus? Qui voluptatem eius eum neque eaque sed quae iure et doloremque fuga eum<\/p>\n\t\t<\/div>\n\t\t\n\t\t<a class=\"elementor-post__read-more\" href=\"https:\/\/staging1.biialume.com\/index.php\/2025\/02\/13\/como-funciona-o-divorcio-no-brasil-um-guia-passo-a-passo\/\" aria-label=\"Leia mais sobre Como funciona o div\u00f3rcio no Brasil: Um guia passo a passo\" tabindex=\"-1\" >\n\t\t\tLeia mais \u00bb\t\t<\/a>\n\n\t\t\t\t<\/div>\n\t\t\t\t<\/article>\n\t\t\t\t<\/div>\n\t\t\t\t\t<span class=\"e-load-more-spinner\">\n\t\t\t\t<svg aria-hidden=\"true\" class=\"e-font-icon-svg e-fas-spinner\" viewBox=\"0 0 512 512\" xmlns=\"http:\/\/www.w3.org\/2000\/svg\"><path d=\"M304 48c0 26.51-21.49 48-48 48s-48-21.49-48-48 21.49-48 48-48 48 21.49 48 48zm-48 368c-26.51 0-48 21.49-48 48s21.49 48 48 48 48-21.49 48-48-21.49-48-48-48zm208-208c-26.51 0-48 21.49-48 48s21.49 48 48 48 48-21.49 48-48-21.49-48-48-48zM96 256c0-26.51-21.49-48-48-48S0 229.49 0 256s21.49 48 48 48 48-21.49 48-48zm12.922 99.078c-26.51 0-48 21.49-48 48s21.49 48 48 48 48-21.49 48-48c0-26.509-21.491-48-48-48zm294.156 0c-26.51 0-48 21.49-48 48s21.49 48 48 48 48-21.49 48-48c0-26.509-21.49-48-48-48zM108.922 60.922c-26.51 0-48 21.49-48 48s21.49 48 48 48 48-21.49 48-48-21.491-48-48-48z\"><\/path><\/svg>\t\t\t<\/span>\n\t\t\n\t\t\t\t<div class=\"e-load-more-anchor\" data-page=\"1\" data-max-page=\"2\" data-next-page=\"https:\/\/staging1.biialume.com\/index.php\/wp-json\/wp\/v2\/pages\/209\/page\/2\/\"><\/div>\n\t\t\t\t<div class=\"elementor-button-wrapper\">\n\t\t\t<a href=\"#\" class=\"elementor-button-link elementor-button\" role=\"button\">\n\t\t\t\t\t\t<span class=\"elementor-button-content-wrapper\">\n\t\t\t\t\t\t\t\t\t<span class=\"elementor-button-text\">Carregar mais<\/span>\n\t\t\t\t\t<\/span>\n\t\t\t\t\t<\/a>\n\t\t<\/div>\n\t\t\t\t<div class=\"e-load-more-message\"><\/div>\n\t\t\t\t\t\t<\/div>\n\t\t\t\t<\/div>\n\t\t\t\t\t<\/div>\n\t\t\t\t<\/div>\n\t\t\t\t<\/div>\n\t\t","protected":false},"excerpt":{"rendered":"<p>Blog<\/p>\n","protected":false},"author":1,"featured_media":0,"parent":0,"menu_order":0,"comment_status":"closed","ping_status":"closed","template":"","meta":{"footnotes":""},"class_list":["post-209","page","type-page","status-publish","hentry"],"yoast_head":"<!-- This site is optimized with the Yoast SEO plugin v24.7 - https:\/\/yoast.com\/wordpress\/plugins\/seo\/ -->\n<title>Blog - Advocate - Your Voice for Justice<\/title>\n<meta name=\"robots\" content=\"index, follow, max-snippet:-1, max-image-preview:large, max-video-preview:-1\" \/>\n<link rel=\"canonical\" href=\"https:\/\/staging1.biialume.com\/index.php\/blog\/\" \/>\n<meta property=\"og:locale\" content=\"pt_BR\" \/>\n<meta property=\"og:type\" content=\"article\" \/>\n<meta property=\"og:title\" content=\"Blog - Advocate - Your Voice for Justice\" \/>\n<meta property=\"og:description\" content=\"Blog\" \/>\n<meta property=\"og:url\" content=\"https:\/\/staging1.biialume.com\/index.php\/blog\/\" \/>\n<meta property=\"og:site_name\" content=\"Advocate - Your Voice for Justice\" \/>\n<meta property=\"article:modified_time\" content=\"2025-03-05T12:57:04+00:00\" \/>\n<meta property=\"og:image\" content=\"https:\/\/staging1.biialume.com\/wp-content\/uploads\/2025\/01\/bannersite-scaled-1.jpg\" \/>\n\t<meta property=\"og:image:width\" content=\"2560\" \/>\n\t<meta property=\"og:image:height\" content=\"875\" \/>\n\t<meta property=\"og:image:type\" content=\"image\/jpeg\" \/>\n<meta name=\"twitter:card\" content=\"summary_large_image\" \/>\n<script type=\"application\/ld+json\" class=\"yoast-schema-graph\">{\"@context\":\"https:\/\/schema.org\",\"@graph\":[{\"@type\":\"WebPage\",\"@id\":\"https:\/\/staging1.biialume.com\/index.php\/blog\/\",\"url\":\"https:\/\/staging1.biialume.com\/index.php\/blog\/\",\"name\":\"Blog - Advocate - Your Voice for Justice\",\"isPartOf\":{\"@id\":\"https:\/\/staging1.biialume.com\/#website\"},\"datePublished\":\"2025-03-05T12:07:22+00:00\",\"dateModified\":\"2025-03-05T12:57:04+00:00\",\"breadcrumb\":{\"@id\":\"https:\/\/staging1.biialume.com\/index.php\/blog\/#breadcrumb\"},\"inLanguage\":\"pt-BR\",\"potentialAction\":[{\"@type\":\"ReadAction\",\"target\":[\"https:\/\/staging1.biialume.com\/index.php\/blog\/\"]}]},{\"@type\":\"BreadcrumbList\",\"@id\":\"https:\/\/staging1.biialume.com\/index.php\/blog\/#breadcrumb\",\"itemListElement\":[{\"@type\":\"ListItem\",\"position\":1,\"name\":\"In\u00edcio\",\"item\":\"https:\/\/staging1.biialume.com\/\"},{\"@type\":\"ListItem\",\"position\":2,\"name\":\"Blog\"}]},{\"@type\":\"WebSite\",\"@id\":\"https:\/\/staging1.biialume.com\/#website\",\"url\":\"https:\/\/staging1.biialume.com\/\",\"name\":\"Advocate - Your Voice for Justice\",\"description\":\"Somos uma Ag\u00eancia de Publicidade onde queimamos neur\u00f4nios para romper a barreira da imagina\u00e7\u00e3o e dar asas a um mundo de ideias. Para n\u00f3s, comunicar \u00e9 simplificar, \u00e9 transformar uma pequena inven\u00e7\u00e3o em uma grande ideia. E dessa ideia. produzir resultados. N\u00e3o temos uma f\u00f3rmula inovadora de sucesso, mas temos solu\u00e7\u00f5es estrat\u00e9gicas de como voc\u00ea pode chegar l\u00e1. N\u00e3o importa o tamanho da inven\u00e7\u00e3o, ela vai gerar uma mudan\u00e7a na sua vida.\",\"publisher\":{\"@id\":\"https:\/\/staging1.biialume.com\/#organization\"},\"potentialAction\":[{\"@type\":\"SearchAction\",\"target\":{\"@type\":\"EntryPoint\",\"urlTemplate\":\"https:\/\/staging1.biialume.com\/?s={search_term_string}\"},\"query-input\":{\"@type\":\"PropertyValueSpecification\",\"valueRequired\":true,\"valueName\":\"search_term_string\"}}],\"inLanguage\":\"pt-BR\"},{\"@type\":\"Organization\",\"@id\":\"https:\/\/staging1.biialume.com\/#organization\",\"name\":\"Advocate - Your Voice for Justice\",\"url\":\"https:\/\/staging1.biialume.com\/\",\"logo\":{\"@type\":\"ImageObject\",\"inLanguage\":\"pt-BR\",\"@id\":\"https:\/\/staging1.biialume.com\/#\/schema\/logo\/image\/\",\"url\":\"https:\/\/staging1.biialume.com\/wp-content\/uploads\/2024\/12\/click.png\",\"contentUrl\":\"https:\/\/staging1.biialume.com\/wp-content\/uploads\/2024\/12\/click.png\",\"width\":600,\"height\":177,\"caption\":\"Advocate - Your Voice for Justice\"},\"image\":{\"@id\":\"https:\/\/staging1.biialume.com\/#\/schema\/logo\/image\/\"}}]}<\/script>\n<!-- \/ Yoast SEO plugin. -->","yoast_head_json":{"title":"Blog - Advocate - Your Voice for Justice","robots":{"index":"index","follow":"follow","max-snippet":"max-snippet:-1","max-image-preview":"max-image-preview:large","max-video-preview":"max-video-preview:-1"},"canonical":"https:\/\/staging1.biialume.com\/index.php\/blog\/","og_locale":"pt_BR","og_type":"article","og_title":"Blog - Advocate - Your Voice for Justice","og_description":"Blog","og_url":"https:\/\/staging1.biialume.com\/index.php\/blog\/","og_site_name":"Advocate - Your Voice for Justice","article_modified_time":"2025-03-05T12:57:04+00:00","og_image":[{"width":2560,"height":875,"url":"https:\/\/staging1.biialume.com\/wp-content\/uploads\/2025\/01\/bannersite-scaled-1.jpg","type":"image\/jpeg"}],"twitter_card":"summary_large_image","schema":{"@context":"https:\/\/schema.org","@graph":[{"@type":"WebPage","@id":"https:\/\/staging1.biialume.com\/index.php\/blog\/","url":"https:\/\/staging1.biialume.com\/index.php\/blog\/","name":"Blog - Advocate - Your Voice for Justice","isPartOf":{"@id":"https:\/\/staging1.biialume.com\/#website"},"datePublished":"2025-03-05T12:07:22+00:00","dateModified":"2025-03-05T12:57:04+00:00","breadcrumb":{"@id":"https:\/\/staging1.biialume.com\/index.php\/blog\/#breadcrumb"},"inLanguage":"pt-BR","potentialAction":[{"@type":"ReadAction","target":["https:\/\/staging1.biialume.com\/index.php\/blog\/"]}]},{"@type":"BreadcrumbList","@id":"https:\/\/staging1.biialume.com\/index.php\/blog\/#breadcrumb","itemListElement":[{"@type":"ListItem","position":1,"name":"In\u00edcio","item":"https:\/\/staging1.biialume.com\/"},{"@type":"ListItem","position":2,"name":"Blog"}]},{"@type":"WebSite","@id":"https:\/\/staging1.biialume.com\/#website","url":"https:\/\/staging1.biialume.com\/","name":"Advocate - Your Voice for Justice","description":"Somos uma Ag\u00eancia de Publicidade onde queimamos neur\u00f4nios para romper a barreira da imagina\u00e7\u00e3o e dar asas a um mundo de ideias. Para n\u00f3s, comunicar \u00e9 simplificar, \u00e9 transformar uma pequena inven\u00e7\u00e3o em uma grande ideia. E dessa ideia. produzir resultados. N\u00e3o temos uma f\u00f3rmula inovadora de sucesso, mas temos solu\u00e7\u00f5es estrat\u00e9gicas de como voc\u00ea pode chegar l\u00e1. N\u00e3o importa o tamanho da inven\u00e7\u00e3o, ela vai gerar uma mudan\u00e7a na sua vida.","publisher":{"@id":"https:\/\/staging1.biialume.com\/#organization"},"potentialAction":[{"@type":"SearchAction","target":{"@type":"EntryPoint","urlTemplate":"https:\/\/staging1.biialume.com\/?s={search_term_string}"},"query-input":{"@type":"PropertyValueSpecification","valueRequired":true,"valueName":"search_term_string"}}],"inLanguage":"pt-BR"},{"@type":"Organization","@id":"https:\/\/staging1.biialume.com\/#organization","name":"Advocate - Your Voice for Justice","url":"https:\/\/staging1.biialume.com\/","logo":{"@type":"ImageObject","inLanguage":"pt-BR","@id":"https:\/\/staging1.biialume.com\/#\/schema\/logo\/image\/","url":"https:\/\/staging1.biialume.com\/wp-content\/uploads\/2024\/12\/click.png","contentUrl":"https:\/\/staging1.biialume.com\/wp-content\/uploads\/2024\/12\/click.png","width":600,"height":177,"caption":"Advocate - Your Voice for Justice"},"image":{"@id":"https:\/\/staging1.biialume.com\/#\/schema\/logo\/image\/"}}]}},"_links":{"self":[{"href":"https:\/\/staging1.biialume.com\/index.php\/wp-json\/wp\/v2\/pages\/209","targetHints":{"allow":["GET"]}}],"collection":[{"href":"https:\/\/staging1.biialume.com\/index.php\/wp-json\/wp\/v2\/pages"}],"about":[{"href":"https:\/\/staging1.biialume.com\/index.php\/wp-json\/wp\/v2\/types\/page"}],"author":[{"embeddable":true,"href":"https:\/\/staging1.biialume.com\/index.php\/wp-json\/wp\/v2\/users\/1"}],"replies":[{"embeddable":true,"href":"https:\/\/staging1.biialume.com\/index.php\/wp-json\/wp\/v2\/comments?post=209"}],"version-history":[{"count":19,"href":"https:\/\/staging1.biialume.com\/index.php\/wp-json\/wp\/v2\/pages\/209\/revisions"}],"predecessor-version":[{"id":254,"href":"https:\/\/staging1.biialume.com\/index.php\/wp-json\/wp\/v2\/pages\/209\/revisions\/254"}],"wp:attachment":[{"href":"https:\/\/staging1.biialume.com\/index.php\/wp-json\/wp\/v2\/media?parent=209"}],"curies":[{"name":"wp","href":"https:\/\/api.w.org\/{rel}","templated":true}]}}